{"id":44,"date":"2017-10-10T11:25:19","date_gmt":"2017-10-10T09:25:19","guid":{"rendered":"https:\/\/metallparadies.de\/blog\/?page_id=44"},"modified":"2023-09-25T08:37:24","modified_gmt":"2023-09-25T06:37:24","slug":"kontakt","status":"publish","type":"page","link":"https:\/\/metallparadies.de\/blog\/kontakt\/","title":{"rendered":"Ihr Kontakt zu uns"},"content":{"rendered":"<h2>Kontakt zu uns<\/h2>\n<p>Wenn Sie uns etwas mitteilen m\u00f6chten oder Sie eine Idee haben und sich nicht sicher sind, ob und wie wir sie zusammen umsetzen k\u00f6nnen, dann schreiben Sie uns am besten eine E-Mail an:<\/p>\n<p><a href=\"mailto: support@metallparadies.de?subject = Frage via Metallparadies-Blog\">support@metallparadies.de<\/a><\/p>\n<p>F\u00fcr konkrete Anfragen mit Skizzen k\u00f6nnen Sie nat\u00fcrlich auch gerne <a href=\"https:\/\/metallparadies.freshdesk.com\/support\/tickets\/new?ticket_form=angebotsanfrage\" target=\"_blank\" rel=\"noopener\">direkt eine Anfrage \u00fcber unser Ticketsystem bei Freshdesk versenden<\/a>.<\/p>\n","protected":false},"excerpt":{"rendered":"<p>Kontakt zu uns Wenn Sie uns etwas mitteilen m\u00f6chten oder Sie eine Idee haben und sich nicht sicher sind, ob und wie wir sie zusammen umsetzen k\u00f6nnen, dann schreiben Sie&hellip;<\/p>\n","protected":false},"author":1,"featured_media":0,"parent":0,"menu_order":0,"comment_status":"closed","ping_status":"closed","template":"","meta":{"footnotes":""},"class_list":["post-44","page","type-page","status-publish","hentry"],"_links":{"self":[{"href":"https:\/\/metallparadies.de\/blog\/wp-json\/wp\/v2\/pages\/44","targetHints":{"allow":["GET"]}}],"collection":[{"href":"https:\/\/metallparadies.de\/blog\/wp-json\/wp\/v2\/pages"}],"about":[{"href":"https:\/\/metallparadies.de\/blog\/wp-json\/wp\/v2\/types\/page"}],"author":[{"embeddable":true,"href":"https:\/\/metallparadies.de\/blog\/wp-json\/wp\/v2\/users\/1"}],"replies":[{"embeddable":true,"href":"https:\/\/metallparadies.de\/blog\/wp-json\/wp\/v2\/comments?post=44"}],"version-history":[{"count":12,"href":"https:\/\/metallparadies.de\/blog\/wp-json\/wp\/v2\/pages\/44\/revisions"}],"predecessor-version":[{"id":579,"href":"https:\/\/metallparadies.de\/blog\/wp-json\/wp\/v2\/pages\/44\/revisions\/579"}],"wp:attachment":[{"href":"https:\/\/metallparadies.de\/blog\/wp-json\/wp\/v2\/media?parent=44"}],"curies":[{"name":"wp","href":"https:\/\/api.w.org\/{rel}","templated":true}]}}