{"id":57,"date":"2017-10-11T08:59:33","date_gmt":"2017-10-11T06:59:33","guid":{"rendered":"https:\/\/metallparadies.de\/blog\/?page_id=57"},"modified":"2022-08-18T07:27:47","modified_gmt":"2022-08-18T05:27:47","slug":"referenzen-einzelanfertigungen","status":"publish","type":"page","link":"https:\/\/metallparadies.de\/blog\/referenzen-einzelanfertigungen\/","title":{"rendered":"Referenzen"},"content":{"rendered":"<div id=\"pl-57\"  class=\"panel-layout\" ><div id=\"pg-57-0\"  class=\"panel-grid panel-no-style\" ><div id=\"pgc-57-0-0\"  class=\"panel-grid-cell\" ><div id=\"panel-57-0-0-0\" class=\"so-panel widget widget_sow-editor panel-first-child\" data-index=\"0\" ><div\n\t\t\t\n\t\t\tclass=\"so-widget-sow-editor so-widget-sow-editor-base\"\n\t\t\t\n\t\t>\n<div class=\"siteorigin-widget-tinymce textwidget\">\n\t<h2>Umbauten, Unikate, Einzelanfertigungen und mehr<\/h2>\n<p>Hier stellen wir in loser Form und nicht unbedingt in regelm\u00e4\u00dfigen Abst\u00e4nden unsere Arbeiten vor. Lasst euch inspirieren - w\u00e4re es nicht auch mal Zeit f\u00fcr ein neues Gartentor? Oder sollte das alte, rostige Treppengel\u00e4nder nicht auch mal ersetzt werden?<\/p>\n<\/div>\n<\/div><\/div><div id=\"panel-57-0-0-1\" class=\"so-panel widget widget_media_gallery panel-last-child\" data-index=\"1\" ><div id='gallery-1' class='gallery galleryid-0 gallery-columns-3 gallery-size-thumbnail'><figure class='gallery-item'>\n\t\t\t<div class='gallery-icon landscape'>\n\t\t\t\t<a href='https:\/\/metallparadies.de\/blog\/referenzen-einzelanfertigungen\/bruestung1-1200\/'><img loading=\"lazy\" decoding=\"async\" width=\"150\" height=\"150\" src=\"https:\/\/metallparadies.de\/blog\/wp-content\/uploads\/2018\/10\/br\u00fcstung1-1200-150x150.jpg\" class=\"attachment-thumbnail size-thumbnail\" alt=\"Br\u00fcstung mit F\u00fcllung in Rundlochung\" aria-describedby=\"gallery-1-309\" \/><\/a>\n\t\t\t<\/div>\n\t\t\t\t<figcaption class='wp-caption-text gallery-caption' id='gallery-1-309'>\n\t\t\t\tTerassenbr\u00fcstung aus Alu-Lochblech bei einem Kunden\n\t\t\t\t<\/figcaption><\/figure><figure class='gallery-item'>\n\t\t\t<div class='gallery-icon landscape'>\n\t\t\t\t<a href='https:\/\/metallparadies.de\/blog\/referenzen-einzelanfertigungen\/bruestung2-1200\/'><img loading=\"lazy\" decoding=\"async\" width=\"150\" height=\"150\" src=\"https:\/\/metallparadies.de\/blog\/wp-content\/uploads\/2018\/10\/br\u00fcstung2-1200-150x150.jpg\" class=\"attachment-thumbnail size-thumbnail\" alt=\"Br\u00fcstung aus Aluminiumblech in Rundlochung\" aria-describedby=\"gallery-1-310\" \/><\/a>\n\t\t\t<\/div>\n\t\t\t\t<figcaption class='wp-caption-text gallery-caption' id='gallery-1-310'>\n\t\t\t\tAlublech in Rundlochung als Br\u00fcstung\n\t\t\t\t<\/figcaption><\/figure><figure class='gallery-item'>\n\t\t\t<div class='gallery-icon landscape'>\n\t\t\t\t<a href='https:\/\/metallparadies.de\/blog\/referenzen-einzelanfertigungen\/edelstahlgelaender\/'><img loading=\"lazy\" decoding=\"async\" width=\"150\" height=\"150\" src=\"https:\/\/metallparadies.de\/blog\/wp-content\/uploads\/2018\/07\/Gel\u00e4nder-spannend-1600-150x150.jpg\" class=\"attachment-thumbnail size-thumbnail\" alt=\"Edelstahl - Gel\u00e4nder: Rundrohr K240\" aria-describedby=\"gallery-1-293\" \/><\/a>\n\t\t\t<\/div>\n\t\t\t\t<figcaption class='wp-caption-text gallery-caption' id='gallery-1-293'>\n\t\t\t\tEdelstahl &#8211; Gel\u00e4nder: Rundrohr K240\n\t\t\t\t<\/figcaption><\/figure><figure class='gallery-item'>\n\t\t\t<div class='gallery-icon landscape'>\n\t\t\t\t<a href='https:\/\/metallparadies.de\/blog\/referenzen-einzelanfertigungen\/treppengelaender\/'><img loading=\"lazy\" decoding=\"async\" width=\"150\" height=\"150\" src=\"https:\/\/metallparadies.de\/blog\/wp-content\/uploads\/2018\/07\/Gel\u00e4nder-Eingang-1600-150x150.jpg\" class=\"attachment-thumbnail size-thumbnail\" alt=\"Edelstahlgel\u00e4nder K240-Schliff mit runden F\u00fcllst\u00e4ben\" aria-describedby=\"gallery-1-292\" srcset=\"https:\/\/metallparadies.de\/blog\/wp-content\/uploads\/2018\/07\/Gel\u00e4nder-Eingang-1600-150x150.jpg 150w, https:\/\/metallparadies.de\/blog\/wp-content\/uploads\/2018\/07\/Gel\u00e4nder-Eingang-1600-300x300.jpg 300w, https:\/\/metallparadies.de\/blog\/wp-content\/uploads\/2018\/07\/Gel\u00e4nder-Eingang-1600-768x767.jpg 768w, https:\/\/metallparadies.de\/blog\/wp-content\/uploads\/2018\/07\/Gel\u00e4nder-Eingang-1600-1024x1022.jpg 1024w, https:\/\/metallparadies.de\/blog\/wp-content\/uploads\/2018\/07\/Gel\u00e4nder-Eingang-1600-830x828.jpg 830w, https:\/\/metallparadies.de\/blog\/wp-content\/uploads\/2018\/07\/Gel\u00e4nder-Eingang-1600-230x230.jpg 230w, https:\/\/metallparadies.de\/blog\/wp-content\/uploads\/2018\/07\/Gel\u00e4nder-Eingang-1600-350x349.jpg 350w, https:\/\/metallparadies.de\/blog\/wp-content\/uploads\/2018\/07\/Gel\u00e4nder-Eingang-1600-480x479.jpg 480w, https:\/\/metallparadies.de\/blog\/wp-content\/uploads\/2018\/07\/Gel\u00e4nder-Eingang-1600.jpg 1600w\" sizes=\"auto, (max-width: 150px) 100vw, 150px\" \/><\/a>\n\t\t\t<\/div>\n\t\t\t\t<figcaption class='wp-caption-text gallery-caption' id='gallery-1-292'>\n\t\t\t\tEdelstahlgel\u00e4nder K240-Schliff mit runden F\u00fcllst\u00e4ben\n\t\t\t\t<\/figcaption><\/figure><figure class='gallery-item'>\n\t\t\t<div class='gallery-icon landscape'>\n\t\t\t\t<a href='https:\/\/metallparadies.de\/blog\/referenzen-einzelanfertigungen\/anhaenger\/'><img loading=\"lazy\" decoding=\"async\" width=\"150\" height=\"150\" src=\"https:\/\/metallparadies.de\/blog\/wp-content\/uploads\/2018\/01\/Nachher_FB-150x150.jpg\" class=\"attachment-thumbnail size-thumbnail\" alt=\"Motorrad - Transportanh\u00e4nger\" aria-describedby=\"gallery-1-123\" \/><\/a>\n\t\t\t<\/div>\n\t\t\t\t<figcaption class='wp-caption-text gallery-caption' id='gallery-1-123'>\n\t\t\t\tAnh\u00e4ngerumbau\n\t\t\t\t<\/figcaption><\/figure><figure class='gallery-item'>\n\t\t\t<div class='gallery-icon landscape'>\n\t\t\t\t<a href='https:\/\/metallparadies.de\/blog\/referenzen-einzelanfertigungen\/groessenvergleich\/'><img loading=\"lazy\" decoding=\"async\" width=\"150\" height=\"150\" src=\"https:\/\/metallparadies.de\/blog\/wp-content\/uploads\/2018\/01\/Groessenvergleich-150x150.jpg\" class=\"attachment-thumbnail size-thumbnail\" alt=\"Edelstahldeckel auf Ma\u00df\" aria-describedby=\"gallery-1-122\" \/><\/a>\n\t\t\t<\/div>\n\t\t\t\t<figcaption class='wp-caption-text gallery-caption' id='gallery-1-122'>\n\t\t\t\tEdelstahldeckel auf Ma\u00df\n\t\t\t\t<\/figcaption><\/figure><figure class='gallery-item'>\n\t\t\t<div class='gallery-icon landscape'>\n\t\t\t\t<a href='https:\/\/metallparadies.de\/blog\/referenzen-einzelanfertigungen\/gelaender1fb\/'><img loading=\"lazy\" decoding=\"async\" width=\"150\" height=\"150\" src=\"https:\/\/metallparadies.de\/blog\/wp-content\/uploads\/2018\/01\/gel\u00e4nder1fb-150x150.jpg\" class=\"attachment-thumbnail size-thumbnail\" alt=\"V2A-Quadratrohr - Gel\u00e4nder\" aria-describedby=\"gallery-1-125\" \/><\/a>\n\t\t\t<\/div>\n\t\t\t\t<figcaption class='wp-caption-text gallery-caption' id='gallery-1-125'>\n\t\t\t\tUnikat: Gel\u00e4nder aus Edelstahl &#8211; Vierkantrohr\n\t\t\t\t<\/figcaption><\/figure><figure class='gallery-item'>\n\t\t\t<div class='gallery-icon landscape'>\n\t\t\t\t<a href='https:\/\/metallparadies.de\/blog\/referenzen-einzelanfertigungen\/gelaender2fb\/'><img loading=\"lazy\" decoding=\"async\" width=\"150\" height=\"150\" src=\"https:\/\/metallparadies.de\/blog\/wp-content\/uploads\/2018\/01\/gel\u00e4nder2fb-150x150.jpg\" class=\"attachment-thumbnail size-thumbnail\" alt=\"V2A-Quadratrohr - Gel\u00e4nder\" aria-describedby=\"gallery-1-126\" \/><\/a>\n\t\t\t<\/div>\n\t\t\t\t<figcaption class='wp-caption-text gallery-caption' id='gallery-1-126'>\n\t\t\t\tUnikat: Gel\u00e4nder aus Edelstahl &#8211; Vierkantrohr\n\t\t\t\t<\/figcaption><\/figure><figure class='gallery-item'>\n\t\t\t<div class='gallery-icon landscape'>\n\t\t\t\t<a href='https:\/\/metallparadies.de\/blog\/referenzen-einzelanfertigungen\/werkstattfenster-fb\/'><img loading=\"lazy\" decoding=\"async\" width=\"150\" height=\"150\" src=\"https:\/\/metallparadies.de\/blog\/wp-content\/uploads\/2018\/01\/werkstattfenster-fb-150x150.jpg\" class=\"attachment-thumbnail size-thumbnail\" alt=\"Fensterverkleidung Alu\" aria-describedby=\"gallery-1-121\" \/><\/a>\n\t\t\t<\/div>\n\t\t\t\t<figcaption class='wp-caption-text gallery-caption' id='gallery-1-121'>\n\t\t\t\tFensterverkleidung Alu\n\t\t\t\t<\/figcaption><\/figure><figure class='gallery-item'>\n\t\t\t<div class='gallery-icon landscape'>\n\t\t\t\t<a href='https:\/\/metallparadies.de\/blog\/referenzen-einzelanfertigungen\/gelaender1\/'><img loading=\"lazy\" decoding=\"async\" width=\"150\" height=\"150\" src=\"https:\/\/metallparadies.de\/blog\/wp-content\/uploads\/2018\/01\/gel\u00e4nder1-150x150.jpg\" class=\"attachment-thumbnail size-thumbnail\" alt=\"Treppe mit Gel\u00e4nder\" aria-describedby=\"gallery-1-127\" \/><\/a>\n\t\t\t<\/div>\n\t\t\t\t<figcaption class='wp-caption-text gallery-caption' id='gallery-1-127'>\n\t\t\t\tTreppe mit Gel\u00e4nder\n\t\t\t\t<\/figcaption><\/figure><figure class='gallery-item'>\n\t\t\t<div class='gallery-icon landscape'>\n\t\t\t\t<a href='https:\/\/metallparadies.de\/blog\/referenzen-einzelanfertigungen\/gelaender2\/'><img loading=\"lazy\" decoding=\"async\" width=\"150\" height=\"150\" src=\"https:\/\/metallparadies.de\/blog\/wp-content\/uploads\/2018\/01\/gel\u00e4nder2-150x150.jpg\" class=\"attachment-thumbnail size-thumbnail\" alt=\"Treppe mit Gel\u00e4nder\" aria-describedby=\"gallery-1-128\" \/><\/a>\n\t\t\t<\/div>\n\t\t\t\t<figcaption class='wp-caption-text gallery-caption' id='gallery-1-128'>\n\t\t\t\tTreppe mit Gel\u00e4nder\n\t\t\t\t<\/figcaption><\/figure><figure class='gallery-item'>\n\t\t\t<div class='gallery-icon landscape'>\n\t\t\t\t<a href='https:\/\/metallparadies.de\/blog\/referenzen-einzelanfertigungen\/gelaender3\/'><img loading=\"lazy\" decoding=\"async\" width=\"150\" height=\"150\" src=\"https:\/\/metallparadies.de\/blog\/wp-content\/uploads\/2018\/01\/gel\u00e4nder3-150x150.jpg\" class=\"attachment-thumbnail size-thumbnail\" alt=\"Treppengel\u00e4nder, Detail\" aria-describedby=\"gallery-1-129\" \/><\/a>\n\t\t\t<\/div>\n\t\t\t\t<figcaption class='wp-caption-text gallery-caption' id='gallery-1-129'>\n\t\t\t\tTreppengel\u00e4nder, Detail\n\t\t\t\t<\/figcaption><\/figure><figure class='gallery-item'>\n\t\t\t<div class='gallery-icon landscape'>\n\t\t\t\t<a href='https:\/\/metallparadies.de\/blog\/referenzen-einzelanfertigungen\/gelaender4\/'><img loading=\"lazy\" decoding=\"async\" width=\"150\" height=\"150\" src=\"https:\/\/metallparadies.de\/blog\/wp-content\/uploads\/2018\/01\/gel\u00e4nder4-150x150.jpg\" class=\"attachment-thumbnail size-thumbnail\" alt=\"Treppengel\u00e4nder, Detail\" aria-describedby=\"gallery-1-130\" \/><\/a>\n\t\t\t<\/div>\n\t\t\t\t<figcaption class='wp-caption-text gallery-caption' id='gallery-1-130'>\n\t\t\t\tTreppengel\u00e4nder, Detail\n\t\t\t\t<\/figcaption><\/figure><figure class='gallery-item'>\n\t\t\t<div class='gallery-icon landscape'>\n\t\t\t\t<a href='https:\/\/metallparadies.de\/blog\/referenzen-einzelanfertigungen\/abtropfwanne-edelstahl\/'><img loading=\"lazy\" decoding=\"async\" width=\"150\" height=\"150\" src=\"https:\/\/metallparadies.de\/blog\/wp-content\/uploads\/2018\/01\/WanneGalerieFB-150x150.jpg\" class=\"attachment-thumbnail size-thumbnail\" alt=\"Abtropfwannen\" aria-describedby=\"gallery-1-135\" \/><\/a>\n\t\t\t<\/div>\n\t\t\t\t<figcaption class='wp-caption-text gallery-caption' id='gallery-1-135'>\n\t\t\t\tEdelstahl-Abtropfwannen\n\t\t\t\t<\/figcaption><\/figure><figure class='gallery-item'>\n\t\t\t<div class='gallery-icon landscape'>\n\t\t\t\t<a href='https:\/\/metallparadies.de\/blog\/referenzen-einzelanfertigungen\/edelstahl-zaun-ansicht\/'><img loading=\"lazy\" decoding=\"async\" width=\"150\" height=\"150\" src=\"https:\/\/metallparadies.de\/blog\/wp-content\/uploads\/2018\/01\/zaun1_fb-150x150.jpg\" class=\"attachment-thumbnail size-thumbnail\" alt=\"Edelstahlzaun mit Granitstelen\" aria-describedby=\"gallery-1-131\" \/><\/a>\n\t\t\t<\/div>\n\t\t\t\t<figcaption class='wp-caption-text gallery-caption' id='gallery-1-131'>\n\t\t\t\tGranit und Edelstahl\n\t\t\t\t<\/figcaption><\/figure><figure class='gallery-item'>\n\t\t\t<div class='gallery-icon landscape'>\n\t\t\t\t<a href='https:\/\/metallparadies.de\/blog\/referenzen-einzelanfertigungen\/edelstahl-zaun-detail\/'><img loading=\"lazy\" decoding=\"async\" width=\"150\" height=\"150\" src=\"https:\/\/metallparadies.de\/blog\/wp-content\/uploads\/2018\/01\/zaun4_fb-150x150.jpg\" class=\"attachment-thumbnail size-thumbnail\" alt=\"Detailaufnahme der Befestigung\" aria-describedby=\"gallery-1-134\" \/><\/a>\n\t\t\t<\/div>\n\t\t\t\t<figcaption class='wp-caption-text gallery-caption' id='gallery-1-134'>\n\t\t\t\tDetailaufnahme der Befestigung\n\t\t\t\t<\/figcaption><\/figure>\n\t\t<\/div>\n<\/div><\/div><\/div><\/div>","protected":false},"excerpt":{"rendered":"<p>Umbauten, Unikate, Einzelanfertigungen und mehr Hier stellen wir in loser Form und nicht unbedingt in regelm\u00e4\u00dfigen Abst\u00e4nden unsere Arbeiten vor. Lasst euch inspirieren &#8211; w\u00e4re es nicht auch mal Zeit&hellip;<\/p>\n","protected":false},"author":1,"featured_media":0,"parent":0,"menu_order":0,"comment_status":"closed","ping_status":"closed","template":"","meta":{"footnotes":""},"class_list":["post-57","page","type-page","status-publish","hentry"],"_links":{"self":[{"href":"https:\/\/metallparadies.de\/blog\/wp-json\/wp\/v2\/pages\/57","targetHints":{"allow":["GET"]}}],"collection":[{"href":"https:\/\/metallparadies.de\/blog\/wp-json\/wp\/v2\/pages"}],"about":[{"href":"https:\/\/metallparadies.de\/blog\/wp-json\/wp\/v2\/types\/page"}],"author":[{"embeddable":true,"href":"https:\/\/metallparadies.de\/blog\/wp-json\/wp\/v2\/users\/1"}],"replies":[{"embeddable":true,"href":"https:\/\/metallparadies.de\/blog\/wp-json\/wp\/v2\/comments?post=57"}],"version-history":[{"count":21,"href":"https:\/\/metallparadies.de\/blog\/wp-json\/wp\/v2\/pages\/57\/revisions"}],"predecessor-version":[{"id":423,"href":"https:\/\/metallparadies.de\/blog\/wp-json\/wp\/v2\/pages\/57\/revisions\/423"}],"wp:attachment":[{"href":"https:\/\/metallparadies.de\/blog\/wp-json\/wp\/v2\/media?parent=57"}],"curies":[{"name":"wp","href":"https:\/\/api.w.org\/{rel}","templated":true}]}}